{"id":4590,"date":"2018-08-07T19:04:20","date_gmt":"2018-08-07T19:04:20","guid":{"rendered":"https:\/\/bonedil.it\/privacy\/"},"modified":"2024-10-31T10:46:14","modified_gmt":"2024-10-31T10:46:14","slug":"privacy","status":"publish","type":"page","link":"https:\/\/www.bonedil.it\/it\/privacy\/","title":{"rendered":"Privacy Policy"},"content":{"rendered":"<p>[et_pb_section fb_built=&#8221;1&#8243; admin_label=&#8221;section&#8221; _builder_version=&#8221;4.16&#8243; global_colors_info=&#8221;{}&#8221;][et_pb_row admin_label=&#8221;row&#8221; _builder_version=&#8221;4.16&#8243; background_size=&#8221;initial&#8221; background_position=&#8221;top_left&#8221; background_repeat=&#8221;repeat&#8221; global_colors_info=&#8221;{}&#8221;][et_pb_column type=&#8221;4_4&#8243; _builder_version=&#8221;4.16&#8243; custom_padding=&#8221;|||&#8221; global_colors_info=&#8221;{}&#8221; custom_padding__hover=&#8221;|||&#8221;][et_pb_text admin_label=&#8221;Text&#8221; _builder_version=&#8221;4.16&#8243; text_font=&#8221;||||||||&#8221; text_line_height=&#8221;1.8em&#8221; ul_font=&#8221;||||||||&#8221; ul_line_height=&#8221;1.7em&#8221; ol_font=&#8221;||||||||&#8221; ol_line_height=&#8221;1.7em&#8221; background_size=&#8221;initial&#8221; background_position=&#8221;top_left&#8221; background_repeat=&#8221;repeat&#8221; global_colors_info=&#8221;{}&#8221;]<\/p>\n<p class=\"p1\"><b>Generalit\u00e0<\/b> Bonedil Srl, di seguito denominata la Societ\u00e0, ha sviluppato la presente Privacy Policy al fine di descrivere le modalit\u00e0 di gestione del sito\u00a0<a href=\"https:\/\/bonedil.it\/\"><span class=\"s1\">www.bonedil.it<\/span><\/a>, in riferimento al trattamento dei dati personali degli utenti\/visitatori che lo consultano Si tratta di un\u2019informativa che \u00e8 resa ai sensi dell\u2019art. 13 del regolamento (UE) 2016\/679 (Codice in materia di trattamento di dati personali) \u2013 a coloro che si collegano al sito web aziendale della Societ\u00e0 e usufruiscono dei relativi servizi web a partire dall\u2019indirizzo <a href=\"https:\/\/bonedil.it\/\"><span class=\"s1\">www.bonedil.it<\/span><\/a>. L\u2019informativa \u00e8 resa soltanto per il sito sopra menzionato e non anche per altri siti web eventualmente consultati dall\u2019utente tramite appositi link. La presente informativa sulla privacy costituisce parte integrante del nostro sito e dei servizi che offriamo. L\u2019accesso al sito ed il suo utilizzo nonch\u00e9 l\u2019acquisto dei prodotti sul sito sono basati sul presupposto che questa Privacy Policy sia stata letta e compresa. Se non concorda con questa Privacy Policy, Le chiediamo la cortesia di non utilizzare il nostro sito. La Societ\u00e0 pu\u00f2 modificare o semplicemente aggiornare, in tutto o in parte la presente Privacy Policy. Qualsiasi modifica o aggiornamento alla Privacy Policy sar\u00e0 disponibile per tutti gli utenti nella sezione Privacy del sito appena gli aggiornamenti saranno attivi e saranno vincolanti non appena pubblicati sul sito in questa sezione. Qualora l\u2019Utente non intenda accettare tali modifiche, potr\u00e0 interrompere l\u2019utilizzo del nostro sito. L\u2019uso continuato del nostro sito web e dei nostri prodotti e servizi a seguito della pubblicazione delle suddette modifiche e\/o aggiornamenti equivarr\u00e0 ad accettazione delle modifiche ed al riconoscimento del carattere vincolante dei nuovi termini e condizioni. Il sito\u00a0<a href=\"https:\/\/bonedil.it\/\"><span class=\"s1\">www.bonedil.it<\/span><\/a>\u00a0\u00e8 di propriet\u00e0 della Societ\u00e0 ed \u00e8 gestito interamente dalla stessa. <b>Tipologia dei dati trattati e finalit\u00e0 del trattamento:<\/b><\/p>\n<ol class=\"ol1\">\n<li class=\"li1\"><b>Dati di navigazione<\/b> I sistemi informatici e le procedure software preposte al funzionamento di questo sito acquisiscono, nel normale esercizio, alcuni dati personali che vengono poi trasmessi implicitamente nell\u2019uso dei protocolli di comunicazione Internet. Si tratta di informazioni che non sono raccolte per essere associate a interessati identificati, ma che per loro stessa natura potrebbero, attraverso elaborazioni ed associazioni con dati detenuti da terzi, permettere di identificare gli utenti. In questa categoria di dati rientrano gli indirizzi IP o i nomi a dominio dei computer utilizzati dagli utenti che si connettono al sito, gli indirizzi in notazione URI (Uniform Resource Identifier) delle risorse richieste, l\u2019orario della richiesta, il metodo utilizzato nel sottoporre la richiesta al server, la dimensione del file ottenuto in risposta, il codice numerico indicante lo stato della risposta data dal server (buon fine, errore, ecc.) ed altri parametri relativi al sistema operativo e all\u2019ambiente informatico dell\u2019utente. Questi dati vengono utilizzati al solo fine di ricavare informazioni statistiche anonime sull\u2019uso del sito e per controllarne il corretto funzionamento e vengono cancellati immediatamente dopo l\u2019elaborazione. I dati potrebbero essere utilizzati per l\u2019accertamento di responsabilit\u00e0 in caso di ipotetici reati informatici ai danni del sito: salva questa eventualit\u00e0, i dati sui contatti web non persistono per pi\u00f9 di 24 mesi.<\/li>\n<li class=\"li1\"><b>Dati forniti volontariamente dagli utenti\/visitatori<\/b> Qualora gli utenti\/visitatori, collegandosi a questo sito, inviino propri dati personali per accedere a determinati servizi (p. es. newsletter, servizio \u201clavora con noi \u201d ecc.), ovvero per effettuare richieste in posta elettronica, ci\u00f2 comporta l\u2019acquisizione da parte della Societ\u00e0 dell\u2019indirizzo del mittente e\/o di altri eventuali dati personali che verranno trattati esclusivamente ai fini indicati nella presente dichiarazione. I Suoi dati saranno trattati per finalit\u00e0 connesse all\u2019adempimento delle Sue specifiche richieste, di obblighi contrattuali, fiscali e contabili; storico fatturazione; contenzioso e tutela del credito; adempimento di obblighi previsti dalle leggi vigenti<\/li>\n<li class=\"li1\"><b>Cookie<\/b> Nell\u2019ambito del presente sito vengono raccolte alcune informazioni di carattere personale relative agli accessi web tramite l\u2019utilizzo di cookies. Per avere maggiori informazioni alla Cookie-Policy della Societ\u00e0 si prega di visitare il seguente link (<a href=\"https:\/\/bonedil.it\/it\/informazioni\/cookie\/21-0.html\"><span class=\"s1\">https:\/\/bonedil.it\/it\/informazioni\/cookie\/21-0.html<\/span><\/a>)<\/li>\n<\/ol>\n<p class=\"p1\">A parte quanto specificato per i dati di navigazione, gli utenti\/visitatori sono liberi di fornire i propri dati personali. Il loro mancato conferimento pu\u00f2 comportare unicamente l\u2019impossibilit\u00e0 di ottenere quanto richiesto. Pertanto, i visitatori sono in grado di navigare nel sito anche senza rivelare informazioni e dati personali.<\/p>\n<p class=\"p1\">Una volta registrati, i dati personali raccolti saranno utilizzati solamente per i servizi indicati nell\u2019informativa disponibile.<\/p>\n<p class=\"p1\">I visitatori del sito possono fornire i loro dati per:<\/p>\n<ul class=\"ul1\">\n<li class=\"li1\">iscriversi alla newsletter<\/li>\n<li class=\"li1\">essere contattati per richieste di informazioni sui servizi erogati<\/li>\n<li class=\"li1\">partecipare ad iniziative promosse sul presente sito internet<\/li>\n<li class=\"li1\">effettuare acquisti relativamente ai prodotti commercializzati sul sito<\/li>\n<li class=\"li1\">manifestare il proprio interesse ad un rapporto lavorativo con la Societ\u00e0 e\/o rispondere ad un annuncio di lavoro<\/li>\n<li class=\"li1\">contattare la Societ\u00e0 tramite l\u2019apposito\u00a0<i>form<\/i>\u00a0predisposto<\/li>\n<\/ul>\n<p class=\"p1\"><b>Sezione Newsletter<\/b><\/p>\n<p class=\"p1\">Il sito Bonedil Srl nella sezione NEWSLETTER contiene un\u00a0<i>form<\/i>\u00a0da compilasi da parte dell\u2019utente al fine dell\u2019iscrizione alla newsletter, ovvero di acconsentire all\u2019invio di comunicazioni elettroniche periodiche di natura commerciale.<\/p>\n<p class=\"p1\">L\u2019iscrizione alla newsletter \u00e8 inoltre subordinata all\u2019accettazione della Privacy Policy della Societ\u00e0.<\/p>\n<p class=\"p1\"><b>Sezione \u201cLavora con noi\u201d<\/b><\/p>\n<p class=\"p1\">Questa sezione offre la possibilit\u00e0 di esprimere l\u2019interesse a lavorare nella Societ\u00e0 ovvero di rispondere ad un annuncio di lavoro per posti vacanti o nuove assunzioni. Se decidete di inviare i vostri dati personali, essi saranno trattati esclusivamente per tali finalit\u00e0 da personale appositamente incaricato e secondo le normali procedure interne di gestione del personale della Societ\u00e0. I dati richiesti a tal fine, pena l\u2019esclusione dal servizio, sono i seguenti:<\/p>\n<p class=\"p1\">L\u2019accettazione della Privacy Policy della Societ\u00e0 costituisce requisito indispensabile della fruizione del servizio in oggetto.<\/p>\n<p class=\"p1\"><b>Sezione Contatto<\/b><\/p>\n<p class=\"p1\">La sezione contatto permette all\u2019utente tramite il relativo form predisposto di inviare alla Societ\u00e0 un messaggio personale al fine di ottenere una replica da parte della stessa. Si richiedono i seguenti dati pesonali:<\/p>\n<p class=\"p1\">L\u2019accettazione della Privacy Policy della Societ\u00e0 costituisce requisito indispensabile della fruizione del servizio in oggetto.<\/p>\n<p class=\"p1\"><b>Sezione Trattamento dei dati<\/b><\/p>\n<p class=\"p1\">Ai sensi dell\u2019art. 28 del regolamento (UE) 2016\/679 (Codice in materia di trattamento di dati personali), titolare del trattamento dei dati personali eventualmente raccolti attraverso questo sito \u00e8 la Societ\u00e0, societ\u00e0 di diritto Bonedil Srl registrata al numero presso il registro delle imprese 01542230212, con sede legale in Tirolo.<\/p>\n<p class=\"p1\">I dati personali potranno essere trattati nei limiti e con le modalit\u00e0 di cui alla presente dichiarazione da dipendenti e collaboratori della Societ\u00e0 designati quali incaricati o responsabili del trattamento, i quali riceveranno adeguate istruzioni operative ed opereranno sotto la diretta autorit\u00e0 del titolare del trattamento.<\/p>\n<p class=\"p1\">Il responsabile del trattamento \u00e8 il responsabile della sicurezza informatica pro tempore domiciliato presso la Societ\u00e0. Un elenco aggiornato di tutti i responsabili\/incaricati del trattamento dal titolare pu\u00f2 essere richiesto al titolare stesso o al responsabile scrivendo al seguente indirizzo mail:\u00a0<a href=\"mailto:bonedil@secure-pec.it\"><span class=\"s1\">bonedil@secure-pec.it<\/span><\/a>.<\/p>\n<p class=\"p1\"><b>Comunicazione a terzi<\/b><\/p>\n<p class=\"p1\">I dati personali saranno oggetto di comunicazione a Bonedil Srl per poter rispondere alle richieste informative, ovvero potranno essere comunicati agli Enti ed Istituti per l\u2019espletamento degli obblighi di legge o all\u2019autorit\u00e0 giudiziale, ove vi fosse richiesta.<\/p>\n<p class=\"p1\">Inoltre, la Societ\u00e0 si serve di altre imprese e persone fisiche affinch\u00e9 svolgano certe attivit\u00e1 come per l\u2019invio di e-mail, la consegna di pacchi, l\u2019effettuazione di pagamenti. I predetti soggetti hanno accesso solo ai dati personali strettamente necessari per svolgere i propri compiti. La Societ\u00e0 sottolinea il divieto di utilizzo da parte di degli stessi per scopi diversi nonch\u00e9 l\u2019obbligo di trattamento in conformit\u00e0 alla presente Privacy Policy e la normativa vigente.<\/p>\n<p class=\"p1\">Attraverso il presente sito web, la Societ\u00e0 non raccoglie deliberatamente dati personali sensibili o giudiziari.<\/p>\n<p class=\"p1\">I dati sensibili, ai sensi dell\u2019art. 4 del Codice in materia di trattamento dei dati personali, includono i dati personali idonei a rivelare l\u2019origine razziale ed etnica, le convinzioni religiose, filosofiche o di altro genere, le opinioni politiche, l\u2019adesione a partiti, sindacati, associazioni od organizzazioni a carattere religioso, filosofico, politico o sindacale, nonch\u00e9 i dati personali idonei a rivelare lo stato di salute e la vita sessuale. I dati giudiziari, sempre ai sensi dell\u2019art. 4 del Codice, includono i dati personali idonei a rivelare provvedimenti di cui all\u2019articolo 3, comma 1, lettere da a) a o) e da r) a u), del D.P.R. 14 novembre 2002, n. 313, in materia di casellario giudiziale, di anagrafe delle sanzioni amministrative dipendenti da reato e dei relativi carichi pendenti, o la qualit\u00e0 di imputato o di indagato ai sensi degli articoli 60 e 61 del codice di procedura penale.<\/p>\n<p class=\"p1\">Si raccomanda di non fornire tali informazioni attraverso il presente sito. Nel caso in cui la comunicazione si renda necessaria (ad esempio: appartenenza a categorie protette in caso di invio di\u00a0<i>curriculum<\/i>\u00a0vitae a fini di assunzione, in risposta ad un annuncio di lavoro o nel caso di manifestazione di interesse a lavorare presso la Societ\u00e0 si invita a trasmettere alla sede legale della Societ\u00e0 a mezzo lettera raccomandata un\u2019apposita dichiarazione contenente il consenso in forma scritta al trattamento queste delle relative informazioni sensibili.<\/p>\n<p class=\"p1\"><b>Conservazione dei dati<\/b><\/p>\n<p class=\"p1\">Le informazioni e i dati personali dei visitatori\/utenti raccolti da questo sito, ivi inclusi i dati liberamente forniti al fine di ottenere l\u2019invio di materiale informativo o di altre comunicazioni compilando gli appositi\u00a0<i>curriculum<\/i>\u00a0presenti sul sito, saranno conservati al solo fine di fornire il servizio richiesto e per la durata necessaria al medesimo fine. Una volta completato il servizio, tutti i dati personali saranno distrutti in aderenza alla presente Privacy-Policy, salvo diversa richiesta dell\u2019autorit\u00e0, esigenze di conservazione stabilite dalla legge, oppure salvo diverse indicazioni fornite in sezioni particolari del sito web.<\/p>\n<p class=\"p1\"><b>Esercizio dei diritti dell\u2019interessato<\/b><\/p>\n<p class=\"p1\">Ai sensi dell\u2019art. 7 del Codice in materia di trattamento dei dati personali, gli interessati hanno il diritto in qualunque momento di ottenere la conferma dell\u2019esistenza o meno dei medesimi dati e di conoscerne il contenuto e l\u2019origine, verificarne l\u2019esattezza o chiederne l\u2019integrazione l\u2019aggiornamento, oppure la rettificazione. Ai sensi del medesimo articolo hanno il diritto di chiedere la cancellazione, la trasformazione in forma anonima o il blocco dei dati trattati in violazione di legge, nonch\u00e9 di opporsi in ogni caso, per motivi legittimi, al loro trattamento. Le richieste vanno inoltrate scrivendo o contattando il titolare del trattamento al seguente indirizzo<a href=\"mailto:bonedil@secure-pec.it\"><span class=\"s1\">bonedil@secure-pec.it<\/span><\/a><\/p>\n<p class=\"p1\"><b>Sicurezza dei dati<\/b><\/p>\n<p class=\"p1\">La Societ\u00e0 protegge i dati personali attraverso l\u2019applicazione di livelli di sicurezza riconosciuti a livello internazionale, nonch\u00e9 attraverso procedure di sicurezza che proteggono i dati personali :<\/p>\n<ul class=\"ul1\">\n<li class=\"li1\">da un accesso non autorizzato<\/li>\n<li class=\"li1\">da un utilizzo improprio o da una divulgazione degli stessi<\/li>\n<li class=\"li1\">da una modifica non autorizzata<\/li>\n<li class=\"li1\">dalla perdita o dalla distruzione accidentale o causata da atto illecito<\/li>\n<\/ul>\n<p class=\"p1\"><b>Minori<\/b><\/p>\n<p class=\"p1\">Il sito\u00a0<a href=\"https:\/\/bonedil.it\/\"><span class=\"s1\">www.bonedil.it<\/span><\/a>\u00a0non \u00e8 finalizzato all\u2019utilizzo da parte di minori, i quali non sono autorizzati ad effettuare acquisti mediante i siti riportati. Comprendiamo l\u2019importanza di proteggere le informazioni destinate ai minori, specialmente in un ambiente on-line e pertanto non raccogliamo n\u00e9 manteniamo deliberatamente dati personali riferiti a minori.<\/p>\n<p><strong>Informativa Privacy<\/strong><\/p>\n<p><strong>\u00a0ai sensi del Regolamento generale sulla protezione dei dati <\/strong><\/p>\n<p><strong>(Regolamento UE n. 679\/2016)<\/strong><\/p>\n<p>&#8212; per segnalazioni <em>Whistleblowing<\/em> ai sensi del D.lgs. 24\/2023 &#8212;<\/p>\n<p><strong>\u00a0<\/strong><\/p>\n<p>Ai sensi dell\u2019art. 13 del Regolamento generale sulla protezione dei dati (GDPR), La informiamo sul trattamento dei Suoi dati personali da parte di <strong><u>Bonedil Srl<\/u><\/strong> e sui Suoi diritti.<\/p>\n<p>Garantiamo che nel trattamento dei Suoi dati personali vengano tutelati i Suoi diritti e libert\u00e0 fondamentali, ed in particolare il Suo diritto alla protezione dei dati personali, indipendentemente dalla Sua nazionalit\u00e0 o dal Suo luogo di residenza.<\/p>\n<p>&nbsp;<\/p>\n<p><strong>Titolare del trattamento <\/strong><\/p>\n<p>Per il trattamento dei Suoi dati personali \u00e8 responsabile:<\/p>\n<p><u>\u00a0<\/u><\/p>\n<p><strong><u>Bonedil Srl<\/u><\/strong><\/p>\n<p>Via Puren 13<\/p>\n<p>39019 Tirolo<\/p>\n<p>Tel.\u00a0 +39 0473 211233<\/p>\n<p>Fax. +39 0473 211297<\/p>\n<p><a href=\"mailto:info@bonedil.it?subject=Anfrage\">info@bonedil.it<\/a><\/p>\n<p><strong>\u00a0<\/strong><\/p>\n<p><strong>I dati personali che raccogliamo<\/strong><\/p>\n<p>Qualora Lei dovesse effettuare una segnalazione comunicando al gestore del canale interno di segnalazione i propri dati, raccoglieremo i seguenti dati:<\/p>\n<ul>\n<li>le Sue generalit\u00e0, come ad es. il Suo nome, indirizzo, data e luogo di nascita;<\/li>\n<li>eventuali altri dati personali.<\/li>\n<\/ul>\n<p>&nbsp;<\/p>\n<p><strong>Modalit\u00e0 del trattamento dei dati<\/strong><\/p>\n<p>Il trattamento dei dati personali avviene con o senza l\u2019ausilio di processi automatizzati e include tutti i procedimenti necessari per un trattamento adeguato come per esempio la raccolta, la registrazione, l&#8217;organizzazione, la strutturazione, la conservazione, l&#8217;adattamento o la modifica, l&#8217;estrazione, la consultazione, l&#8217;uso, la comunicazione mediante trasmissione, diffusione o qualsiasi altra forma di messa a disposizione, il raffronto o l&#8217;interconnessione, la limitazione, la cancellazione o la distruzione.<\/p>\n<p>&nbsp;<\/p>\n<p><strong>Finalit\u00e0 del trattamento dei dati e base giuridica <\/strong><\/p>\n<p><u>Bonedil Srl<\/u> utilizza i Suoi dati personali esclusivamente per elaborare e gestire la segnalazione da Lei effettuata. La base giuridica del trattamento dei Suoi dati \u00e8 costituita dal Suo consenso alla trattazione dei dati per predetta finalit\u00e0.<\/p>\n<p>&nbsp;<\/p>\n<p><strong>Destinatari dei dati personali<\/strong><\/p>\n<p>Per le finalit\u00e0 di cui sopra, i dati personali trattati saranno trasmessi ai seguenti destinatari:<\/p>\n<ul>\n<li>alla pubblica amministrazione e alle autorit\u00e0 pubbliche, ove richiesto dalla legge;<\/li>\n<li>fornitori di servizi, liberi professionisti, consulenti ed altri imprenditori che ci supportano nell\u2019esercizio della nostra attivit\u00e0.<\/li>\n<\/ul>\n<p>&nbsp;<\/p>\n<p>Qualora i suddetti destinatari dovessero trattare i dati su incarico di e per scopi determinati da <u>Bonedil Srl<\/u>, i responsabili del trattamento saranno obbligati ad offrire garanzie idonee per la protezione dei Suoi dati personali.<\/p>\n<p><strong>\u00a0<\/strong><\/p>\n<p><strong>Conservazione dei dati<\/strong><\/p>\n<p>Conserviamo i Suoi dati personali solo per il periodo necessario al trattamento della segnalazione e\/o per adempiere agli obblighi legali di conservazione, ma comunque non oltre cinque anni a decorrere dalla data della comunicazione dell\u2019esito finale della procedura di segnalazione. Dopo questo periodo i dati personali verranno cancellati in modo sicuro.<\/p>\n<p><strong>\u00a0<\/strong><\/p>\n<p><strong>\u00a0<\/strong><\/p>\n<p><strong>Diritti dell\u2019interessato<\/strong><\/p>\n<p>Lei ha diritto,<\/p>\n<ul>\n<li>ai sensi dell\u2019art. 15 GDPR, all\u2019accesso ai Suoi dati personali ed alle informazioni relative agli stessi. In particolare ha diritto di ottenere informazioni sulle finalit\u00e0 del trattamento, sulle categorie dei dati personali, sulle categorie di destinatari a cui i dati personali sono stati o saranno comunicati, sul periodo di conservazione, sull\u2019esistenza del diritto alla rettifica, alla cancellazione, alla limitazione del trattamento o all\u2019opposizione al trattamento, sull\u2019esistenza del diritto di proporre reclamo, sull\u2019origine dei Suoi dati, qualora i dati non siano stati raccolti da noi, nonch\u00e9 sull\u2019esistenza di un processo decisionale automatizzato, compresa la profilazione ed in tal caso di ottenere informazioni significative sulla logica utilizzata;<\/li>\n<li>ai sensi dell\u2019art. 16 GDPR, di ottenere, senza ingiustificato ritardo, la rettifica dei Suoi dati personali o l\u2019integrazione dei Suoi dati personali incompleti;<\/li>\n<li>ai sensi dell\u2019art. 17 GDPR, di ottenere, senza ingiustificato ritardo, la cancellazione dei Suoi dati personali da noi conservati, salvo che la trattazione sia necessaria per l\u2019esercizio del diritto alla libert\u00e0 di espressione e di informazione, per l\u2019adempimento di un obbligo legale, per motivi di interesse pubblico o per l\u2019accertamento, l\u2019esercizio o la difesa di un diritto in sede giudiziaria;<\/li>\n<li>ai sensi dell\u2019art. 18 GDPR, di ottenere la limitazione del trattamento, qualora l\u2019esattezza dei dati fosse da Lei contestata, qualora il trattamento fosse illecito e Lei si opponesse alla loro cancellazione, qualora noi non ne avessimo pi\u00f9 bisogno ai fini del trattamento e i dati Le servissero per l\u2019accertamento, l\u2019esercizio o la difesa di un diritto in sede giudiziaria o qualora Lei avesse fatto opposizione al trattamento ai sensi dell\u2019art 21 GDPR;<\/li>\n<li>ai sensi dell\u2019art. 20 GDPR, di ricevere i dati personali che La riguardano in un formato strutturato, di uso comune e leggibile da dispositivo automatico e di chiedere la trasmissione di tali dati ad un altro titolare di trattamento;<\/li>\n<li>ai sensi dell\u2019art. 7, c. 3 GDPR, di revocare il Suo consenso in qualsiasi momento; di conseguenza, non potremmo pi\u00f9 trattare i Suoi dati;<\/li>\n<li>ai sensi dell\u2019art. 77 GDPR, di proporre reclamo ad un\u2019autorit\u00e0 di controllo, segnatamente all\u2019autorit\u00e0 del luogo di residenza o di lavoro, oppure del luogo ove Titolare ha la residenza.<\/li>\n<\/ul>\n<p>&nbsp;<\/p>\n<p>Per esercitare i diritti spettanti agli interessati, La preghiamo di contattarci per iscritto presso la nostra sede legale o mandando una mail a <a href=\"mailto:info@bonedil.it\">info@bonedil.it<\/a>. \u00a0<\/p>\n<p class=\"p3\"><b>\u00a9 Copyright Bonedil Srl<\/b><\/p>\n<p class=\"p1\">Via Puren 13 39019 Tirolo Alto Adige \u2013 Italia<\/p>\n<p class=\"p1\">Tel.\u00a00473 211233 Fax\u00a00473 211297 Email Certificato\u00a0<a href=\"mailto:bonedil@secure-pec.it\"><span class=\"s1\">bonedil@secure-pec.it<\/span><\/a> Website\u00a0<a href=\"https:\/\/bonedil.it\/\"><span class=\"s1\">www.bonedil.it<\/span><\/a> Email\u00a0<a href=\"mailto:info@bonedil.it\">info@bonedil.it<\/a> Iscrizione al Registro della Camera di Commercio di Bolzano n.01542230212 Part. IVA\u00a001542230212<\/p>\n<p>[\/et_pb_text][\/et_pb_column][\/et_pb_row][\/et_pb_section]<\/p>\n","protected":false},"excerpt":{"rendered":"<p>Generalit\u00e0 Bonedil Srl, di seguito denominata la Societ\u00e0, ha sviluppato la presente Privacy Policy al fine di descrivere le modalit\u00e0 di gestione del sito\u00a0www.bonedil.it, in riferimento al trattamento dei dati personali degli utenti\/visitatori che lo consultano Si tratta di un\u2019informativa che \u00e8 resa ai sensi dell\u2019art. 13 del regolamento (UE) 2016\/679 (Codice in materia di [&hellip;]<\/p>\n","protected":false},"author":1,"featured_media":0,"parent":0,"menu_order":0,"comment_status":"closed","ping_status":"open","template":"","meta":{"_et_pb_use_builder":"on","_et_pb_old_content":"","_et_gb_content_width":"","footnotes":""},"class_list":["post-4590","page","type-page","status-publish","hentry"],"aioseo_notices":[],"_links":{"self":[{"href":"https:\/\/www.bonedil.it\/it\/wp-json\/wp\/v2\/pages\/4590","targetHints":{"allow":["GET"]}}],"collection":[{"href":"https:\/\/www.bonedil.it\/it\/wp-json\/wp\/v2\/pages"}],"about":[{"href":"https:\/\/www.bonedil.it\/it\/wp-json\/wp\/v2\/types\/page"}],"author":[{"embeddable":true,"href":"https:\/\/www.bonedil.it\/it\/wp-json\/wp\/v2\/users\/1"}],"replies":[{"embeddable":true,"href":"https:\/\/www.bonedil.it\/it\/wp-json\/wp\/v2\/comments?post=4590"}],"version-history":[{"count":3,"href":"https:\/\/www.bonedil.it\/it\/wp-json\/wp\/v2\/pages\/4590\/revisions"}],"predecessor-version":[{"id":9474,"href":"https:\/\/www.bonedil.it\/it\/wp-json\/wp\/v2\/pages\/4590\/revisions\/9474"}],"wp:attachment":[{"href":"https:\/\/www.bonedil.it\/it\/wp-json\/wp\/v2\/media?parent=4590"}],"curies":[{"name":"wp","href":"https:\/\/api.w.org\/{rel}","templated":true}]}}