{"id":5545,"date":"2018-08-23T06:59:56","date_gmt":"2018-08-23T06:59:56","guid":{"rendered":"https:\/\/bonedil.it\/cookie\/"},"modified":"2022-07-04T08:51:15","modified_gmt":"2022-07-04T08:51:15","slug":"cookie","status":"publish","type":"page","link":"https:\/\/www.bonedil.it\/it\/cookie\/","title":{"rendered":"Cookie"},"content":{"rendered":"<p>[et_pb_section fb_built=&#8221;1&#8243; admin_label=&#8221;section&#8221; _builder_version=&#8221;4.16&#8243; global_colors_info=&#8221;{}&#8221;][et_pb_row admin_label=&#8221;row&#8221; _builder_version=&#8221;4.16&#8243; background_size=&#8221;initial&#8221; background_position=&#8221;top_left&#8221; background_repeat=&#8221;repeat&#8221; global_colors_info=&#8221;{}&#8221;][et_pb_column type=&#8221;4_4&#8243; _builder_version=&#8221;4.16&#8243; custom_padding=&#8221;|||&#8221; global_colors_info=&#8221;{}&#8221; custom_padding__hover=&#8221;|||&#8221;][et_pb_text admin_label=&#8221;Text&#8221; _builder_version=&#8221;4.16&#8243; ol_font=&#8221;||||||||&#8221; ol_line_height=&#8221;1.7em&#8221; background_size=&#8221;initial&#8221; background_position=&#8221;top_left&#8221; background_repeat=&#8221;repeat&#8221; global_colors_info=&#8221;{}&#8221;]<strong>Cosa sono i cookie?<\/strong><\/p>\n<p>I cookie sono piccoli file di testo che vengono salvati sul tuo computer quando visiti determinati siti internet.<\/p>\n<p>Per il sito e relativi sotto-domini utilizziamo cookie, chiedendone il consenso all&#8217;utente ove la legge o i regolamenti applicabili lo prevedano, per agevolare la navigazione e personalizzare le informazioni rivolte all\u2019utente. Utilizziamo inoltre sistemi simili per raccogliere informazioni sugli utenti, quali ad esempio indirizzo IP, tipo di browser e sistema operativo utilizzato e\/o pagine web visitate da un utente, per finalit\u00e0 statistiche o di sicurezza. Ti informiamo che se deciderai di disabilitare o rifiutare i cookie alcune parti del sito <a href=\"https:\/\/bonedil.it\">www.bonedil.it<\/a> e relativi sotto-domini potrebbero essere inaccessibili o non funzionare correttamente.<\/p>\n<p>Pertanto per un utilizzo agevolato e completo di questo sito sarebbe opportuno che l\u2019utente configurasse il proprio browser in modo che accetti la ricezione di tali cookie. I cookie non sono dannosi per il tuo computer, tablet o smartphone. Nei cookie generati dal sito\u00a0<a href=\"https:\/\/bonedil.it\">www.bonedil.it<\/a>, non vengono conservate dati identificative personali ma solo informazioni criptate.<\/p>\n<p><strong>Tipologie di cookie<\/strong><\/p>\n<p>Il sito e relativi sotto-domini utilizzano i seguenti cookie:<\/p>\n<p><strong>Cookie tecnici<\/strong><\/p>\n<p>Questi cookie sono fondamentali per permetterti di navigare sul sito ed utilizzare le sue funzionalit\u00e0. Senza cookie \u00e8 possibile che alcune funzionalit\u00e0 non siano accessibili o non funzionino correttamente. I cookie strettamente necessari sono utilizzati per memorizzare un identificatore al fine di individuare l&#8217;utente in modo unico rispetto ad altri utenti, in modo da fornire all&#8217;utente un servizio coerente e preciso.<\/p>\n<p><strong>Performance cookie<\/strong><\/p>\n<p>Questi cookie possono essere nostri o di partner, di sessione o persistenti. Il loro utilizzo \u00e8 limitato alla performance e al miglioramento del sito. Questi cookie non raccolgono informazioni che possono identificare l&#8217;utente. Tutte le informazioni raccolte da questi cookie sono aggregate in forma anonima e sono utilizzate solo per migliorare la funzionalit\u00e0 del sito.<\/p>\n<p><strong>Cookie funzionali<\/strong><\/p>\n<p>I cookie solitamente sono conseguenti ad un&#8217;azione dell&#8217;utente, ma possono essere anche implementati nella fornitura di un servizio, non esplicitamente richiesto, ma offerto all&#8217;utente. Possono essere inoltre utilizzati per evitare di offrire nuovamente ad uno specifico utente un servizio gi\u00e0 proposto. Inoltre, questi cookie permettono al sito di tenere traccia delle scelte dell&#8217;utente. Le informazioni raccolte da questi cookie sono anonime e non possono ricondurre il comportamento dell&#8217;utente su altri siti.<\/p>\n<p><strong>Come disabilitare i cookie<\/strong><\/p>\n<p>Le norme sulla protezione dei dati personali prevedono che l\u2019utente possa disabilitare cookie gi\u00e0 somministrati (\u201copt-out\u201d). L\u2019opt-out \u00e8 previsto per i cd. \u201ccookie tecnici\u201d (art.122 del Codice della Privacy),nonch\u00e9 per i cookie che non rientrino tra i \u201ccookie tecnici\u201d precedentemente accettati (\u201copt in\u201d) dall\u2019utente.<\/p>\n<p><strong>Come disabilitare i cookie nei vari browser<\/strong><\/p>\n<p><strong>Internet Explorer<\/strong><\/p>\n<p>1. Per aprire Internet Explorer, fare clic sul pulsante Start. Nella casella di ricerca digitare Internet Explorer e quindi nell&#8217;elenco dei risultati fare clic su Internet Explorer.<\/p>\n<p>2. Fare clic sul pulsante Strumenti e quindi su Opzioni Internet.<\/p>\n<p>3.Fare clic sulla scheda Privacy e in Impostazioni spostare il dispositivo di scorrimento verso l&#8217;alto per bloccare tutti i cookie oppure verso il basso per consentirli tutti e quindi fare clic su OK. Il blocco dei cookie potrebbe impedire la corretta visualizzazione di alcune pagine Web.<\/p>\n<p><strong>Firefox<\/strong><\/p>\n<p>Per impostare Firefox in modo tale che possa bloccare i cookie di tutti i siti web:<\/p>\n<p>1.Fare clic sul pulsante dei menu e selezionare Opzioni.<\/p>\n<p>2.Selezionare il pannello Privacy.<\/p>\n<p>3.Alla voce Impostazioni cronologia selezionare l&#8217;opzione utilizza impostazioni personalizzate.<\/p>\n<p>4.Rimuovere il contrassegno da Accetta i cookie dai siti. Fare clic su OK per chiudere la finestra delle opzioni.<\/p>\n<p><strong>Google Chrome<\/strong><\/p>\n<p>1.Seleziona l&#8217;icona del menu Chrome.<\/p>\n<p>2.Seleziona Impostazioni.<\/p>\n<p>3.Nella parte inferiore della pagina, seleziona Mostra impostazioni avanzate.<\/p>\n<p>4.Nella sezione &#8220;Privacy&#8221;, seleziona Impostazioni contenuti.<\/p>\n<p>5.Seleziona Impedisci ai siti di impostare dati.<\/p>\n<p>6.Seleziona Fine.<\/p>\n<p>In forza di tale distinzione, l\u2019utente potr\u00e0 procedere alla disabilitazione e\/o cancellazione dei cookie (\u201copt-out\u201d) mediante le relative impostazioni del proprio browser e alla disabilitazione e\/o cancellazione dei singoli cookie non \u201ctecnici\u201d somministrati dalle terze parti accedendo al sito web gestito da European Interactive Digital Advertising Alliance (EDAA) all\u2019indirizzo <a href=\"https:\/\/www.youronlinechoices.eu\">www.youronlinechoices.eu<\/a>.<\/p>\n<p><strong>Elenco dei Cookie<\/strong><\/p>\n<p>Elenco di tutti i cookie utilizzati sul sito, che \u00e8 la parte terza titolare dei cookie, a quale categoria appartengono, per quanto tempo vengono salvati e che funzione hanno?<\/p>\n<ul>\n<li><b>wp-settings-1*<\/b>, Durata: 1 anno. Questi cookie sono necessari per il nostro software CMS e non memorizzano alcuna informazione personale.<\/li>\n<li><b>wp-settings-time-1*<\/b>, Durata: 1 anno. Per il sito Web richiesto cookie che non memorizza dati personali.<\/li>\n<li><b>_icl_current_language<\/b> , Durata 1 giorno. Salva la lingua corrente.<\/li>\n<li><b>icl_visitor_lang_js<\/b> , Durata 1 giorno. Salva la lingua reindirizzata.<\/li>\n<\/ul>\n<p>&nbsp;<\/p>\n<p>Le terze parti sono autonomi titolari e si rimanda alle loro informative, di seguito l\u2019elenco delle terze parti:<\/p>\n<p>FACEBOOK per maggiori informazioni consultare la pagina https:\/\/www.facebook.com\/policy.php<\/p>\n<p>INSTAGRAM per maggiori informazioni consultare la pagina https:\/\/help.instagram.com\/155833707900388<\/p>\n<p>TWITTER per maggiori informazioni consultare la pagina https:\/\/twitter.com\/de\/privacy[\/et_pb_text][\/et_pb_column][\/et_pb_row][\/et_pb_section]<\/p>\n","protected":false},"excerpt":{"rendered":"<p>Cosa sono i cookie? I cookie sono piccoli file di testo che vengono salvati sul tuo computer quando visiti determinati siti internet. Per il sito e relativi sotto-domini utilizziamo cookie, chiedendone il consenso all&#8217;utente ove la legge o i regolamenti applicabili lo prevedano, per agevolare la navigazione e personalizzare le informazioni rivolte all\u2019utente. Utilizziamo inoltre [&hellip;]<\/p>\n","protected":false},"author":1,"featured_media":0,"parent":0,"menu_order":0,"comment_status":"closed","ping_status":"closed","template":"","meta":{"_et_pb_use_builder":"on","_et_pb_old_content":"","_et_gb_content_width":"","footnotes":""},"class_list":["post-5545","page","type-page","status-publish","hentry"],"aioseo_notices":[],"_links":{"self":[{"href":"https:\/\/www.bonedil.it\/it\/wp-json\/wp\/v2\/pages\/5545","targetHints":{"allow":["GET"]}}],"collection":[{"href":"https:\/\/www.bonedil.it\/it\/wp-json\/wp\/v2\/pages"}],"about":[{"href":"https:\/\/www.bonedil.it\/it\/wp-json\/wp\/v2\/types\/page"}],"author":[{"embeddable":true,"href":"https:\/\/www.bonedil.it\/it\/wp-json\/wp\/v2\/users\/1"}],"replies":[{"embeddable":true,"href":"https:\/\/www.bonedil.it\/it\/wp-json\/wp\/v2\/comments?post=5545"}],"version-history":[{"count":0,"href":"https:\/\/www.bonedil.it\/it\/wp-json\/wp\/v2\/pages\/5545\/revisions"}],"wp:attachment":[{"href":"https:\/\/www.bonedil.it\/it\/wp-json\/wp\/v2\/media?parent=5545"}],"curies":[{"name":"wp","href":"https:\/\/api.w.org\/{rel}","templated":true}]}}