{"id":9454,"date":"2024-10-31T10:36:45","date_gmt":"2024-10-31T10:36:45","guid":{"rendered":"https:\/\/www.bonedil.it\/compliance\/"},"modified":"2025-04-02T19:15:16","modified_gmt":"2025-04-02T19:15:16","slug":"compliance","status":"publish","type":"page","link":"https:\/\/www.bonedil.it\/it\/compliance\/","title":{"rendered":"Compliance"},"content":{"rendered":"<p>[et_pb_section fb_built=&#8221;1&#8243; admin_label=&#8221;section&#8221; _builder_version=&#8221;4.16&#8243; global_colors_info=&#8221;{}&#8221;][et_pb_row admin_label=&#8221;row&#8221; _builder_version=&#8221;4.16&#8243; background_size=&#8221;initial&#8221; background_position=&#8221;top_left&#8221; background_repeat=&#8221;repeat&#8221; global_colors_info=&#8221;{}&#8221;][et_pb_column type=&#8221;4_4&#8243; _builder_version=&#8221;4.16&#8243; custom_padding=&#8221;|||&#8221; global_colors_info=&#8221;{}&#8221; custom_padding__hover=&#8221;|||&#8221;][et_pb_text admin_label=&#8221;Text&#8221; _builder_version=&#8221;4.27.4&#8243; background_size=&#8221;initial&#8221; background_position=&#8221;top_left&#8221; background_repeat=&#8221;repeat&#8221; global_colors_info=&#8221;{}&#8221;]<\/p>\n<h3><strong>WHISTLEBLOWING \u2013 SEGNALAZIONI AI SENSI DEL D.LGS. 24\/2023<\/strong><\/h3>\n<p>Con d.lgs. 24\/2023, il legislatore italiano ha recepito la Direttiva (UE) 2019\/1937 riguardante la protezione delle persone che segnalano violazioni del diritto dell\u2019Unione europea. La nuova disciplina \u00e8 orientata a garantire la protezione dei segnalanti che si espongono al rischio di essere destinatari di ritorsioni.<\/p>\n<p>Accedendo alla <a href=\"https:\/\/bonedil.trusty.report\"><strong><u>presente piattaforma<\/u><\/strong><\/a> criptata, potr\u00e0 accedere al canale interno di segnalazione istituito dalla Bonedil Srl, per segnalare violazioni del diritto dell\u2019Unione europea (ad esempio: illeciti civili, amministrativi, contabili, reati, violazione della normativa in materia di salute e sicurezza sul lavoro ai sensi del d.lgs. 81\/08, ecc.) delle quali \u00e8 a conoscenza.<\/p>\n<p>Potr\u00e0 scegliere se comunicarci i Suoi dati personali o se effettuare una segnalazione anonima. In ogni caso, \u00e8 garantito il trattamento riservato della Sua identit\u00e0 e dei Suoi dati personali.<\/p>\n<p>Al fine di agevolare il segnalante, il canale interno di segnalazione prevede, in alternativa alla segnalazione scritta, la possibilit\u00e0 di effettuare una segnalazione in forma orale, caricando sulla piattaforma di segnalazione, nella sezione \u201callegati\u201d, una registrazione vocale. Inoltre, il segnalante potr\u00e0 altres\u00ec richiedere un incontro personale con il gestore del canale di segnalazione. La societ\u00e0 ha nominato quale gestore esterno del canale di segnalazione l\u2019avv. Jakob Schramm.<\/p>\n<p>All\u2019atto della segnalazione otterr\u00e0 un avviso di ricevimento generato dal sistema, contenente anche un codice di ricevuta da utilizzare per qualsiasi attivit\u00e0 di <em>follow-up. <\/em>Entro i tre mesi successivi avr\u00e0 un riscontro scritto da parte del gestore del canale interno di segnalazione.<\/p>\n<p>Ricordiamo che la legge tutela i segnalanti in buona fede da qualsiasi atto di ritorsione posto in essere in ragione della segnalazione.<\/p>\n<p><a href=\"https:\/\/www.bonedil.it\/wp-content\/uploads\/2024\/11\/Informativa-Privacy.pdf\"><strong><u>Informativa Privacy<\/u><\/strong><\/a> per Whistleblower.<\/p>\n<p>[\/et_pb_text][\/et_pb_column][\/et_pb_row][\/et_pb_section]<\/p>\n","protected":false},"excerpt":{"rendered":"<p>WHISTLEBLOWING \u2013 SEGNALAZIONI AI SENSI DEL D.LGS. 24\/2023 Con d.lgs. 24\/2023, il legislatore italiano ha recepito la Direttiva (UE) 2019\/1937 riguardante la protezione delle persone che segnalano violazioni del diritto dell\u2019Unione europea. La nuova disciplina \u00e8 orientata a garantire la protezione dei segnalanti che si espongono al rischio di essere destinatari di ritorsioni. Accedendo alla [&hellip;]<\/p>\n","protected":false},"author":1,"featured_media":0,"parent":0,"menu_order":0,"comment_status":"closed","ping_status":"closed","template":"","meta":{"_et_pb_use_builder":"on","_et_pb_old_content":"","_et_gb_content_width":"","footnotes":""},"class_list":["post-9454","page","type-page","status-publish","hentry"],"aioseo_notices":[],"_links":{"self":[{"href":"https:\/\/www.bonedil.it\/it\/wp-json\/wp\/v2\/pages\/9454","targetHints":{"allow":["GET"]}}],"collection":[{"href":"https:\/\/www.bonedil.it\/it\/wp-json\/wp\/v2\/pages"}],"about":[{"href":"https:\/\/www.bonedil.it\/it\/wp-json\/wp\/v2\/types\/page"}],"author":[{"embeddable":true,"href":"https:\/\/www.bonedil.it\/it\/wp-json\/wp\/v2\/users\/1"}],"replies":[{"embeddable":true,"href":"https:\/\/www.bonedil.it\/it\/wp-json\/wp\/v2\/comments?post=9454"}],"version-history":[{"count":20,"href":"https:\/\/www.bonedil.it\/it\/wp-json\/wp\/v2\/pages\/9454\/revisions"}],"predecessor-version":[{"id":9535,"href":"https:\/\/www.bonedil.it\/it\/wp-json\/wp\/v2\/pages\/9454\/revisions\/9535"}],"wp:attachment":[{"href":"https:\/\/www.bonedil.it\/it\/wp-json\/wp\/v2\/media?parent=9454"}],"curies":[{"name":"wp","href":"https:\/\/api.w.org\/{rel}","templated":true}]}}